{"id":152,"date":"2015-07-27T14:34:43","date_gmt":"2015-07-27T12:34:43","guid":{"rendered":"http:\/\/hr.dd-dns.de\/wordpress\/?page_id=152"},"modified":"2025-01-05T19:56:20","modified_gmt":"2025-01-05T18:56:20","slug":"motive","status":"publish","type":"page","link":"https:\/\/h-r.spdns.de\/galerie\/motive\/","title":{"rendered":"Heiko R\u00f6bke Photography &#8211; Galerien"},"content":{"rendered":"\r\n<p class=\"wp-block-paragraph\"><strong>Meine Themenschwerpunkte<br><\/strong><\/p>\r\n\r\n\r\n\r\n<p class=\"wp-block-paragraph\">Oft werde ich gefragt, warum so viele verschiedene fotografische Themen? Sollte man sich als ernsthafter Fotograf nicht genau einem Thema widmen und dieses bis zur Perfektion ausarbeiten? Ich meine nein: Anstatt mich nur auf ein spezielles Thema zu konzentrieren, ist mein fotografisches Portfolio vielf\u00e4ltig gestaffelt. Ich denke, eine Spezialisierung w\u00fcrde meine Kreativit\u00e4t zu sehr einschr\u00e4nken. Es gibt einfach zu viele interessante Bereiche im Leben, die mich als Mensch und Fotograf ansprechen und immer wieder von Neuem motivieren, die Dinge durch den Sucher der Kamera zu betrachten und in einem Abbild festzuhalten.<\/p>\r\n\r\nngg_shortcode_0_placeholder","protected":false},"excerpt":{"rendered":"<p>Meine Themenschwerpunkte Oft werde ich gefragt, warum so viele verschiedene fotografische Themen? Sollte man sich als ernsthafter Fotograf nicht genau einem Thema widmen und dieses bis zur Perfektion ausarbeiten? Ich meine nein: Anstatt mich nur auf ein spezielles Thema zu konzentrieren, ist mein fotografisches Portfolio vielf\u00e4ltig gestaffelt. Ich denke, eine Spezialisierung w\u00fcrde meine Kreativit\u00e4t zu&#8230;<\/p>\n<p class=\"more-link-wrap\"><a class=\"more-link\" href=\"https:\/\/h-r.spdns.de\/galerie\/motive\/\">Read More<\/a><\/p>\n","protected":false},"author":1,"featured_media":0,"parent":0,"menu_order":0,"comment_status":"open","ping_status":"closed","template":"page-templates\/template-full-width.php","meta":{"_crdt_document":"","_genesis_hide_title":false,"_genesis_hide_breadcrumbs":false,"_genesis_hide_singular_image":false,"_genesis_hide_footer_widgets":false,"_genesis_custom_body_class":"","_genesis_custom_post_class":"","_genesis_layout":"full-width-content","ngg_post_thumbnail":0,"footnotes":""},"class_list":{"0":"post-152","1":"page","2":"type-page","3":"status-publish","5":"entry"},"yoast_head":"<!-- This site is optimized with the Yoast SEO plugin v27.4 - https:\/\/yoast.com\/product\/yoast-seo-wordpress\/ -->\n<title>Heiko R\u00f6bke Photography - Galerien - Heiko R\u00f6bke Photography<\/title>\n<meta name=\"robots\" content=\"index, follow, max-snippet:-1, max-image-preview:large, max-video-preview:-1\" \/>\n<link rel=\"canonical\" href=\"https:\/\/h-r.spdns.de\/galerie\/motive\/\" \/>\n<meta property=\"og:locale\" content=\"de_DE\" \/>\n<meta property=\"og:type\" content=\"article\" \/>\n<meta property=\"og:title\" content=\"Heiko R\u00f6bke Photography - Galerien - Heiko R\u00f6bke Photography\" \/>\n<meta property=\"og:description\" content=\"Meine Themenschwerpunkte Oft werde ich gefragt, warum so viele verschiedene fotografische Themen? Sollte man sich als ernsthafter Fotograf nicht genau einem Thema widmen und dieses bis zur Perfektion ausarbeiten? Ich meine nein: Anstatt mich nur auf ein spezielles Thema zu konzentrieren, ist mein fotografisches Portfolio vielf\u00e4ltig gestaffelt. Ich denke, eine Spezialisierung w\u00fcrde meine Kreativit\u00e4t zu...Read More\" \/>\n<meta property=\"og:url\" content=\"https:\/\/h-r.spdns.de\/galerie\/motive\/\" \/>\n<meta property=\"og:site_name\" content=\"Heiko R\u00f6bke Photography\" \/>\n<meta property=\"article:modified_time\" content=\"2025-01-05T18:56:20+00:00\" \/>\n<meta name=\"twitter:card\" content=\"summary_large_image\" \/>\n<meta name=\"twitter:label1\" content=\"Gesch\u00e4tzte Lesezeit\" \/>\n\t<meta name=\"twitter:data1\" content=\"1\u00a0Minute\" \/>\n<script type=\"application\/ld+json\" class=\"yoast-schema-graph\">{\"@context\":\"https:\\\/\\\/schema.org\",\"@graph\":[{\"@type\":\"WebPage\",\"@id\":\"https:\\\/\\\/h-r.spdns.de\\\/galerie\\\/motive\\\/\",\"url\":\"https:\\\/\\\/h-r.spdns.de\\\/galerie\\\/motive\\\/\",\"name\":\"Heiko R\u00f6bke Photography - Galerien - Heiko R\u00f6bke Photography\",\"isPartOf\":{\"@id\":\"https:\\\/\\\/h-r.spdns.de\\\/galerie\\\/#website\"},\"datePublished\":\"2015-07-27T12:34:43+00:00\",\"dateModified\":\"2025-01-05T18:56:20+00:00\",\"breadcrumb\":{\"@id\":\"https:\\\/\\\/h-r.spdns.de\\\/galerie\\\/motive\\\/#breadcrumb\"},\"inLanguage\":\"de\",\"potentialAction\":[{\"@type\":\"ReadAction\",\"target\":[\"https:\\\/\\\/h-r.spdns.de\\\/galerie\\\/motive\\\/\"]}]},{\"@type\":\"BreadcrumbList\",\"@id\":\"https:\\\/\\\/h-r.spdns.de\\\/galerie\\\/motive\\\/#breadcrumb\",\"itemListElement\":[{\"@type\":\"ListItem\",\"position\":1,\"name\":\"Startseite\",\"item\":\"https:\\\/\\\/h-r.spdns.de\\\/galerie\\\/\"},{\"@type\":\"ListItem\",\"position\":2,\"name\":\"Heiko R\u00f6bke Photography &#8211; Galerien\"}]},{\"@type\":\"WebSite\",\"@id\":\"https:\\\/\\\/h-r.spdns.de\\\/galerie\\\/#website\",\"url\":\"https:\\\/\\\/h-r.spdns.de\\\/galerie\\\/\",\"name\":\"Heiko R\u00f6bke Photography\",\"description\":\"Momente &amp; Impressionen\",\"publisher\":{\"@id\":\"https:\\\/\\\/h-r.spdns.de\\\/galerie\\\/#\\\/schema\\\/person\\\/184593075d9bf5f5c7e2d6d9bdb2b703\"},\"potentialAction\":[{\"@type\":\"SearchAction\",\"target\":{\"@type\":\"EntryPoint\",\"urlTemplate\":\"https:\\\/\\\/h-r.spdns.de\\\/galerie\\\/?s={search_term_string}\"},\"query-input\":{\"@type\":\"PropertyValueSpecification\",\"valueRequired\":true,\"valueName\":\"search_term_string\"}}],\"inLanguage\":\"de\"},{\"@type\":[\"Person\",\"Organization\"],\"@id\":\"https:\\\/\\\/h-r.spdns.de\\\/galerie\\\/#\\\/schema\\\/person\\\/184593075d9bf5f5c7e2d6d9bdb2b703\",\"name\":\"Heiko\",\"image\":{\"@type\":\"ImageObject\",\"inLanguage\":\"de\",\"@id\":\"https:\\\/\\\/h-r.spdns.de\\\/galerie\\\/wp-content\\\/uploads\\\/2016\\\/11\\\/cropped-WordpressHomeSlideshow-10-e1587147672908.jpg\",\"url\":\"https:\\\/\\\/h-r.spdns.de\\\/galerie\\\/wp-content\\\/uploads\\\/2016\\\/11\\\/cropped-WordpressHomeSlideshow-10-e1587147672908.jpg\",\"contentUrl\":\"https:\\\/\\\/h-r.spdns.de\\\/galerie\\\/wp-content\\\/uploads\\\/2016\\\/11\\\/cropped-WordpressHomeSlideshow-10-e1587147672908.jpg\",\"width\":256,\"height\":256,\"caption\":\"Heiko\"},\"logo\":{\"@id\":\"https:\\\/\\\/h-r.spdns.de\\\/galerie\\\/wp-content\\\/uploads\\\/2016\\\/11\\\/cropped-WordpressHomeSlideshow-10-e1587147672908.jpg\"},\"sameAs\":[\"http:\\\/\\\/www.heiko-roebke-photography.de\",\"heiko.roebke.photography\"]}]}<\/script>\n<!-- \/ Yoast SEO plugin. -->","yoast_head_json":{"title":"Heiko R\u00f6bke Photography - Galerien - Heiko R\u00f6bke Photography","robots":{"index":"index","follow":"follow","max-snippet":"max-snippet:-1","max-image-preview":"max-image-preview:large","max-video-preview":"max-video-preview:-1"},"canonical":"https:\/\/h-r.spdns.de\/galerie\/motive\/","og_locale":"de_DE","og_type":"article","og_title":"Heiko R\u00f6bke Photography - Galerien - Heiko R\u00f6bke Photography","og_description":"Meine Themenschwerpunkte Oft werde ich gefragt, warum so viele verschiedene fotografische Themen? Sollte man sich als ernsthafter Fotograf nicht genau einem Thema widmen und dieses bis zur Perfektion ausarbeiten? Ich meine nein: Anstatt mich nur auf ein spezielles Thema zu konzentrieren, ist mein fotografisches Portfolio vielf\u00e4ltig gestaffelt. Ich denke, eine Spezialisierung w\u00fcrde meine Kreativit\u00e4t zu...Read More","og_url":"https:\/\/h-r.spdns.de\/galerie\/motive\/","og_site_name":"Heiko R\u00f6bke Photography","article_modified_time":"2025-01-05T18:56:20+00:00","twitter_card":"summary_large_image","twitter_misc":{"Gesch\u00e4tzte Lesezeit":"1\u00a0Minute"},"schema":{"@context":"https:\/\/schema.org","@graph":[{"@type":"WebPage","@id":"https:\/\/h-r.spdns.de\/galerie\/motive\/","url":"https:\/\/h-r.spdns.de\/galerie\/motive\/","name":"Heiko R\u00f6bke Photography - Galerien - Heiko R\u00f6bke Photography","isPartOf":{"@id":"https:\/\/h-r.spdns.de\/galerie\/#website"},"datePublished":"2015-07-27T12:34:43+00:00","dateModified":"2025-01-05T18:56:20+00:00","breadcrumb":{"@id":"https:\/\/h-r.spdns.de\/galerie\/motive\/#breadcrumb"},"inLanguage":"de","potentialAction":[{"@type":"ReadAction","target":["https:\/\/h-r.spdns.de\/galerie\/motive\/"]}]},{"@type":"BreadcrumbList","@id":"https:\/\/h-r.spdns.de\/galerie\/motive\/#breadcrumb","itemListElement":[{"@type":"ListItem","position":1,"name":"Startseite","item":"https:\/\/h-r.spdns.de\/galerie\/"},{"@type":"ListItem","position":2,"name":"Heiko R\u00f6bke Photography &#8211; Galerien"}]},{"@type":"WebSite","@id":"https:\/\/h-r.spdns.de\/galerie\/#website","url":"https:\/\/h-r.spdns.de\/galerie\/","name":"Heiko R\u00f6bke Photography","description":"Momente &amp; Impressionen","publisher":{"@id":"https:\/\/h-r.spdns.de\/galerie\/#\/schema\/person\/184593075d9bf5f5c7e2d6d9bdb2b703"},"potentialAction":[{"@type":"SearchAction","target":{"@type":"EntryPoint","urlTemplate":"https:\/\/h-r.spdns.de\/galerie\/?s={search_term_string}"},"query-input":{"@type":"PropertyValueSpecification","valueRequired":true,"valueName":"search_term_string"}}],"inLanguage":"de"},{"@type":["Person","Organization"],"@id":"https:\/\/h-r.spdns.de\/galerie\/#\/schema\/person\/184593075d9bf5f5c7e2d6d9bdb2b703","name":"Heiko","image":{"@type":"ImageObject","inLanguage":"de","@id":"https:\/\/h-r.spdns.de\/galerie\/wp-content\/uploads\/2016\/11\/cropped-WordpressHomeSlideshow-10-e1587147672908.jpg","url":"https:\/\/h-r.spdns.de\/galerie\/wp-content\/uploads\/2016\/11\/cropped-WordpressHomeSlideshow-10-e1587147672908.jpg","contentUrl":"https:\/\/h-r.spdns.de\/galerie\/wp-content\/uploads\/2016\/11\/cropped-WordpressHomeSlideshow-10-e1587147672908.jpg","width":256,"height":256,"caption":"Heiko"},"logo":{"@id":"https:\/\/h-r.spdns.de\/galerie\/wp-content\/uploads\/2016\/11\/cropped-WordpressHomeSlideshow-10-e1587147672908.jpg"},"sameAs":["http:\/\/www.heiko-roebke-photography.de","heiko.roebke.photography"]}]}},"_links":{"self":[{"href":"https:\/\/h-r.spdns.de\/galerie\/wp-json\/wp\/v2\/pages\/152","targetHints":{"allow":["GET"]}}],"collection":[{"href":"https:\/\/h-r.spdns.de\/galerie\/wp-json\/wp\/v2\/pages"}],"about":[{"href":"https:\/\/h-r.spdns.de\/galerie\/wp-json\/wp\/v2\/types\/page"}],"author":[{"embeddable":true,"href":"https:\/\/h-r.spdns.de\/galerie\/wp-json\/wp\/v2\/users\/1"}],"replies":[{"embeddable":true,"href":"https:\/\/h-r.spdns.de\/galerie\/wp-json\/wp\/v2\/comments?post=152"}],"version-history":[{"count":2,"href":"https:\/\/h-r.spdns.de\/galerie\/wp-json\/wp\/v2\/pages\/152\/revisions"}],"predecessor-version":[{"id":17842,"href":"https:\/\/h-r.spdns.de\/galerie\/wp-json\/wp\/v2\/pages\/152\/revisions\/17842"}],"wp:attachment":[{"href":"https:\/\/h-r.spdns.de\/galerie\/wp-json\/wp\/v2\/media?parent=152"}],"curies":[{"name":"wp","href":"https:\/\/api.w.org\/{rel}","templated":true}]}}